{"id":882,"date":"2019-07-12T08:19:27","date_gmt":"2019-07-12T08:19:27","guid":{"rendered":"http:\/\/localhost\/bigger\/?page_id=882"},"modified":"2023-03-24T14:59:30","modified_gmt":"2023-03-24T14:59:30","slug":"services","status":"publish","type":"page","link":"https:\/\/watch-expo.com\/en\/services\/","title":{"rendered":"Services"},"content":{"rendered":"\t\t<div data-elementor-type=\"wp-post\" data-elementor-id=\"882\" class=\"elementor elementor-882\">\n\t\t\t\t\t\t\t\t\t<section class=\"elementor-section elementor-top-section elementor-element elementor-element-c83a779 elementor-section-boxed elementor-section-height-default elementor-section-height-default\" data-id=\"c83a779\" data-element_type=\"section\">\n\t\t\t\t\t\t<div class=\"elementor-container elementor-column-gap-default\">\n\t\t\t\t\t<div class=\"elementor-column elementor-col-100 elementor-top-column elementor-element elementor-element-6d3f0c4\" data-id=\"6d3f0c4\" data-element_type=\"column\">\n\t\t\t<div class=\"elementor-widget-wrap elementor-element-populated\">\n\t\t\t\t\t\t\t\t<div class=\"elementor-element elementor-element-831ae18 elementor-widget elementor-widget-heading\" data-id=\"831ae18\" data-element_type=\"widget\" data-widget_type=\"heading.default\">\n\t\t\t\t<div class=\"elementor-widget-container\">\n\t\t\t<style>\/*! elementor - v3.11.5 - 14-03-2023 *\/\n.elementor-heading-title{padding:0;margin:0;line-height:1}.elementor-widget-heading .elementor-heading-title[class*=elementor-size-]>a{color:inherit;font-size:inherit;line-height:inherit}.elementor-widget-heading .elementor-heading-title.elementor-size-small{font-size:15px}.elementor-widget-heading .elementor-heading-title.elementor-size-medium{font-size:19px}.elementor-widget-heading .elementor-heading-title.elementor-size-large{font-size:29px}.elementor-widget-heading .elementor-heading-title.elementor-size-xl{font-size:39px}.elementor-widget-heading .elementor-heading-title.elementor-size-xxl{font-size:59px}<\/style><h6 class=\"elementor-heading-title elementor-size-default\">D\u1ecbch v\u1ee5 c\u1ee7a ch\u00fang t\u00f4i<\/h6>\t\t<\/div>\n\t\t\t\t<\/div>\n\t\t\t\t<div class=\"elementor-element elementor-element-7cc87c8 elementor-widget elementor-widget-heading\" data-id=\"7cc87c8\" data-element_type=\"widget\" data-widget_type=\"heading.default\">\n\t\t\t\t<div class=\"elementor-widget-container\">\n\t\t\t<h2 class=\"elementor-heading-title elementor-size-xl\">Nh\u1eefng g\u00ec ch\u00fang t\u00f4i l\u00e0m \u0111\u1ec3 mang l\u1ea1i ni\u1ec1m vui cho m\u1ecdi ng\u01b0\u1eddi<\/h2>\t\t<\/div>\n\t\t\t\t<\/div>\n\t\t\t\t<div class=\"elementor-element elementor-element-5964746 elementor-widget elementor-widget-text-editor\" data-id=\"5964746\" data-element_type=\"widget\" data-widget_type=\"text-editor.default\">\n\t\t\t\t<div class=\"elementor-widget-container\">\n\t\t\t<style>\/*! elementor - v3.11.5 - 14-03-2023 *\/\n.elementor-widget-text-editor.elementor-drop-cap-view-stacked .elementor-drop-cap{background-color:#69727d;color:#fff}.elementor-widget-text-editor.elementor-drop-cap-view-framed .elementor-drop-cap{color:#69727d;border:3px solid;background-color:transparent}.elementor-widget-text-editor:not(.elementor-drop-cap-view-default) .elementor-drop-cap{margin-top:8px}.elementor-widget-text-editor:not(.elementor-drop-cap-view-default) .elementor-drop-cap-letter{width:1em;height:1em}.elementor-widget-text-editor .elementor-drop-cap{float:left;text-align:center;line-height:1;font-size:50px}.elementor-widget-text-editor .elementor-drop-cap-letter{display:inline-block}<\/style>\t\t\t\t<p><span>\u1ede m\u1ecdi kh\u00e2u trong d\u1ef1 \u00e1n, ch\u1ea5t l\u01b0\u1ee3ng l\u00e0 \u0111i\u1ec1u quan tr\u1ecdng nh\u1ea5t.\u00a0Ch\u00fang t\u00f4i lo m\u1ecdi th\u1ee9 trong giai \u0111o\u1ea1n n\u00e0y v\u00e0 s\u1ebd \u0111\u1ea3m b\u1ea3o r\u1eb1ng b\u1ea1n nh\u1eadn \u0111\u01b0\u1ee3c d\u1ecbch v\u1ee5 chuy\u00ean nghi\u1ec7p nh\u1ea5t t\u1ea1i ch\u1ed7.<\/span><\/p><p><span>T\u1eeb d\u1ecbch v\u1ee5 ch\u0103m s\u00f3c sau, t\u00ednh minh b\u1ea1ch v\u00e0 di s\u1ea3n c\u1ee7a c\u00e1c t\u00f2a nh\u00e0, ch\u00fang t\u00f4i t\u1eadp trung v\u00e0o vi\u1ec7c mang l\u1ea1i danh ti\u1ebfng cho kh\u00e1ch h\u00e0ng.<\/span><\/p><p><span>C\u00e1c nh\u00e0 cung c\u1ea5p v\u00e0 \u0111\u1ed1i t\u00e1c c\u1ee7a ch\u00fang t\u00f4i r\u1ea5t quan tr\u1ecdng \u0111\u1ed1i v\u1edbi s\u1ef1 th\u00e0nh c\u00f4ng c\u1ee7a m\u1ed9t d\u1ef1 \u00e1n, v\u00ec v\u1eady m\u1ed1i quan h\u1ec7 m\u00e0 ch\u00fang t\u00f4i c\u00f3 v\u1edbi h\u1ecd l\u00e0 v\u00f4 c\u00f9ng quan tr\u1ecdng.\u00a0Ch\u00fang t\u00f4i l\u00e0m vi\u1ec7c nh\u01b0 m\u1ed9t nh\u00f3m v\u00e0 quan t\u00e2m \u0111\u1ebfn nh\u1eefng th\u1ea5t v\u1ecdng v\u00e0 ho\u00e0n c\u1ea3nh c\u1ee7a h\u1ecd v\u00e0 c\u1ed1 g\u1eafng th\u00edch \u1ee9ng v\u1edbi s\u1ef1 thay \u0111\u1ed5i n\u1ebfu ch\u00fang t\u00f4i c\u00f3 th\u1ec3.<\/span><\/p><p><span>Ch\u00fang t\u00f4i cam k\u1ebft t\u1ea1o ra s\u1ef1 thay \u0111\u1ed5i \u1edf Manchester v\u00e0 \u0111\u1ea3m b\u1ea3o ch\u00fang t\u00f4i s\u1ebd l\u00e0m nh\u1eefng g\u00ec c\u00f3 th\u1ec3 \u0111\u1ec3 h\u1ed7 tr\u1ee3 Tackle 4 MCR v\u00e0 ng\u01b0\u1eddi v\u00f4 gia c\u01b0.<\/span><\/p><p><span>Nh\u00f3m Workspace chuy\u00ean d\u1ee5ng c\u1ee7a b\u1ea1n s\u1ebd \u0111\u1ea3m b\u1ea3o kh\u00e1ch h\u00e0ng h\u00e0i l\u00f2ng v\u1edbi k\u1ebft qu\u1ea3 ho\u00e0n th\u00e0nh v\u00e0 s\u1ebd ti\u1ebfp t\u1ee5c cung c\u1ea5p c\u00e1c m\u1ee9c h\u1ed7 tr\u1ee3 \u0111\u1eb7c bi\u1ec7t.<\/span><\/p><p><span>T\u00e0i li\u1ec7u O&amp;M \u0111\u1ea7y \u0111\u1ee7 \u0111\u01b0\u1ee3c ph\u00e1t h\u00e0nh \u0111\u1ec3 tham kh\u1ea3o trong t\u01b0\u01a1ng lai v\u00e0 ch\u00fang t\u00f4i s\u1ebd ti\u1ebfp t\u1ee5c l\u00e0m vi\u1ec7c v\u1edbi kh\u00e1ch h\u00e0ng \u0111\u1ec3 \u0111\u1ea3m b\u1ea3o h\u1ecd t\u1eadn d\u1ee5ng t\u1ed1i \u0111a kh\u00f4ng gian l\u00e0m vi\u1ec7c m\u1edbi c\u1ee7a m\u00ecnh.<\/span><\/p>\t\t\t\t\t\t<\/div>\n\t\t\t\t<\/div>\n\t\t\t\t<div class=\"elementor-element elementor-element-488e260 elementor-widget-divider--view-line elementor-widget elementor-widget-divider\" data-id=\"488e260\" data-element_type=\"widget\" data-widget_type=\"divider.default\">\n\t\t\t\t<div class=\"elementor-widget-container\">\n\t\t\t<style>\/*! elementor - v3.11.5 - 14-03-2023 *\/\n.elementor-widget-divider{--divider-border-style:none;--divider-border-width:1px;--divider-color:#0c0d0e;--divider-icon-size:20px;--divider-element-spacing:10px;--divider-pattern-height:24px;--divider-pattern-size:20px;--divider-pattern-url:none;--divider-pattern-repeat:repeat-x}.elementor-widget-divider .elementor-divider{display:flex}.elementor-widget-divider .elementor-divider__text{font-size:15px;line-height:1;max-width:95%}.elementor-widget-divider .elementor-divider__element{margin:0 var(--divider-element-spacing);flex-shrink:0}.elementor-widget-divider .elementor-icon{font-size:var(--divider-icon-size)}.elementor-widget-divider .elementor-divider-separator{display:flex;margin:0;direction:ltr}.elementor-widget-divider--view-line_icon .elementor-divider-separator,.elementor-widget-divider--view-line_text .elementor-divider-separator{align-items:center}.elementor-widget-divider--view-line_icon .elementor-divider-separator:after,.elementor-widget-divider--view-line_icon .elementor-divider-separator:before,.elementor-widget-divider--view-line_text .elementor-divider-separator:after,.elementor-widget-divider--view-line_text .elementor-divider-separator:before{display:block;content:\"\";border-bottom:0;flex-grow:1;border-top:var(--divider-border-width) var(--divider-border-style) var(--divider-color)}.elementor-widget-divider--element-align-left .elementor-divider .elementor-divider-separator>.elementor-divider__svg:first-of-type{flex-grow:0;flex-shrink:100}.elementor-widget-divider--element-align-left .elementor-divider-separator:before{content:none}.elementor-widget-divider--element-align-left .elementor-divider__element{margin-left:0}.elementor-widget-divider--element-align-right .elementor-divider .elementor-divider-separator>.elementor-divider__svg:last-of-type{flex-grow:0;flex-shrink:100}.elementor-widget-divider--element-align-right .elementor-divider-separator:after{content:none}.elementor-widget-divider--element-align-right .elementor-divider__element{margin-right:0}.elementor-widget-divider:not(.elementor-widget-divider--view-line_text):not(.elementor-widget-divider--view-line_icon) .elementor-divider-separator{border-top:var(--divider-border-width) var(--divider-border-style) var(--divider-color)}.elementor-widget-divider--separator-type-pattern{--divider-border-style:none}.elementor-widget-divider--separator-type-pattern.elementor-widget-divider--view-line .elementor-divider-separator,.elementor-widget-divider--separator-type-pattern:not(.elementor-widget-divider--view-line) .elementor-divider-separator:after,.elementor-widget-divider--separator-type-pattern:not(.elementor-widget-divider--view-line) .elementor-divider-separator:before,.elementor-widget-divider--separator-type-pattern:not([class*=elementor-widget-divider--view]) .elementor-divider-separator{width:100%;min-height:var(--divider-pattern-height);-webkit-mask-size:var(--divider-pattern-size) 100%;mask-size:var(--divider-pattern-size) 100%;-webkit-mask-repeat:var(--divider-pattern-repeat);mask-repeat:var(--divider-pattern-repeat);background-color:var(--divider-color);-webkit-mask-image:var(--divider-pattern-url);mask-image:var(--divider-pattern-url)}.elementor-widget-divider--no-spacing{--divider-pattern-size:auto}.elementor-widget-divider--bg-round{--divider-pattern-repeat:round}.rtl .elementor-widget-divider .elementor-divider__text{direction:rtl}.e-con-inner>.elementor-widget-divider,.e-con>.elementor-widget-divider{width:var(--container-widget-width,100%);--flex-grow:var(--container-widget-flex-grow)}<\/style>\t\t<div class=\"elementor-divider\">\n\t\t\t<span class=\"elementor-divider-separator\">\n\t\t\t\t\t\t<\/span>\n\t\t<\/div>\n\t\t\t\t<\/div>\n\t\t\t\t<\/div>\n\t\t\t\t<div class=\"elementor-element elementor-element-33371f7 elementor-widget elementor-widget-bigger-list-service\" data-id=\"33371f7\" data-element_type=\"widget\" data-widget_type=\"bigger-list-service.default\">\n\t\t\t\t<div class=\"elementor-widget-container\">\n\t\t\t\t\t\r\n\t\t<div class=\"service service-grid row\">\r\n                            <div class=\"service-box col-md-4 col-sm-6\">\r\n                    \r\n\t\t\t       \t<div class=\"box-content\">\r\n\t\t\t       \t\t<div class=\"content-img\"><a href=\"https:\/\/watch-expo.com\/en\/service\/interior-design\/\"><\/a><\/div>\r\n\t\t\t\t\t\t<h4><a href=\"https:\/\/watch-expo.com\/en\/service\/interior-design\/\"> Thi\u1ebft k\u1ebf n\u1ed9i th\u1ea5t <\/a><\/h4>\r\n\t\t\t\t\t\t<p>When, while the lovely valley teems wit vapour around me, and the meridian upper...<\/p>\t\t\t\t\t\t\t\t\t\t\t\t\t<a href=\"https:\/\/watch-expo.com\/en\/service\/interior-design\/\" class=\"pagelink\">Read More<\/a>\r\n\t\t\t\t\t\t\t\t\t\t\t<\/div>\r\n\t\t\t    <\/div>\r\n                            <div class=\"service-box col-md-4 col-sm-6\">\r\n                    \r\n\t\t\t       \t<div class=\"box-content\">\r\n\t\t\t       \t\t<div class=\"content-img\"><a href=\"https:\/\/watch-expo.com\/en\/service\/electrical\/\"><\/a><\/div>\r\n\t\t\t\t\t\t<h4><a href=\"https:\/\/watch-expo.com\/en\/service\/electrical\/\"> \u0110i\u1ec7n l\u1ef1c <\/a><\/h4>\r\n\t\t\t\t\t\t<p>When, while the lovely valley teems wit vapour around me, and the meridian upper...<\/p>\t\t\t\t\t\t\t\t\t\t\t\t\t<a href=\"https:\/\/watch-expo.com\/en\/service\/electrical\/\" class=\"pagelink\">Read More<\/a>\r\n\t\t\t\t\t\t\t\t\t\t\t<\/div>\r\n\t\t\t    <\/div>\r\n                            <div class=\"service-box col-md-4 col-sm-6\">\r\n                    \r\n\t\t\t       \t<div class=\"box-content\">\r\n\t\t\t       \t\t<div class=\"content-img\"><a href=\"https:\/\/watch-expo.com\/en\/service\/repair-and-expand\/\"><\/a><\/div>\r\n\t\t\t\t\t\t<h4><a href=\"https:\/\/watch-expo.com\/en\/service\/repair-and-expand\/\"> S\u1eeda ch\u1eefa &#038; M\u1edf r\u1ed9ng <\/a><\/h4>\r\n\t\t\t\t\t\t<p>When, while the lovely valley teems wit vapour around me, and the meridian upper...<\/p>\t\t\t\t\t\t\t\t\t\t\t\t\t<a href=\"https:\/\/watch-expo.com\/en\/service\/repair-and-expand\/\" class=\"pagelink\">Read More<\/a>\r\n\t\t\t\t\t\t\t\t\t\t\t<\/div>\r\n\t\t\t    <\/div>\r\n                            <div class=\"service-box col-md-4 col-sm-6\">\r\n                    \r\n\t\t\t       \t<div class=\"box-content\">\r\n\t\t\t       \t\t<div class=\"content-img\"><a href=\"https:\/\/watch-expo.com\/en\/service\/office-bulding\/\"><\/a><\/div>\r\n\t\t\t\t\t\t<h4><a href=\"https:\/\/watch-expo.com\/en\/service\/office-bulding\/\"> T\u00f2a nh\u00e0 v\u0103n ph\u00f2ng <\/a><\/h4>\r\n\t\t\t\t\t\t<p>When, while the lovely valley teems wit vapour around me, and the meridian upper...<\/p>\t\t\t\t\t\t\t\t\t\t\t\t\t<a href=\"https:\/\/watch-expo.com\/en\/service\/office-bulding\/\" class=\"pagelink\">Read More<\/a>\r\n\t\t\t\t\t\t\t\t\t\t\t<\/div>\r\n\t\t\t    <\/div>\r\n                            <div class=\"service-box col-md-4 col-sm-6\">\r\n                    \r\n\t\t\t       \t<div class=\"box-content\">\r\n\t\t\t       \t\t<div class=\"content-img\"><a href=\"https:\/\/watch-expo.com\/en\/service\/construction\/\"><\/a><\/div>\r\n\t\t\t\t\t\t<h4><a href=\"https:\/\/watch-expo.com\/en\/service\/construction\/\"> X\u00e2y d\u1ef1ng <\/a><\/h4>\r\n\t\t\t\t\t\t<p>When, while the lovely valley teems wit vapour around me, and the meridian upper...<\/p>\t\t\t\t\t\t\t\t\t\t\t\t\t<a href=\"https:\/\/watch-expo.com\/en\/service\/construction\/\" class=\"pagelink\">Read More<\/a>\r\n\t\t\t\t\t\t\t\t\t\t\t<\/div>\r\n\t\t\t    <\/div>\r\n                            <div class=\"service-box col-md-4 col-sm-6\">\r\n                    \r\n\t\t\t       \t<div class=\"box-content\">\r\n\t\t\t       \t\t<div class=\"content-img\"><a href=\"https:\/\/watch-expo.com\/en\/service\/clean-energy\/\"><\/a><\/div>\r\n\t\t\t\t\t\t<h4><a href=\"https:\/\/watch-expo.com\/en\/service\/clean-energy\/\"> N\u0103ng l\u01b0\u1ee3ng s\u1ea1ch <\/a><\/h4>\r\n\t\t\t\t\t\t<p>When, while the lovely valley teems wit vapour around me, and the meridian upper...<\/p>\t\t\t\t\t\t\t\t\t\t\t\t\t<a href=\"https:\/\/watch-expo.com\/en\/service\/clean-energy\/\" class=\"pagelink\">Read More<\/a>\r\n\t\t\t\t\t\t\t\t\t\t\t<\/div>\r\n\t\t\t    <\/div>\r\n                    <\/div>\r\n\t    \t\t<\/div>\n\t\t\t\t<\/div>\n\t\t\t\t\t<\/div>\n\t\t<\/div>\n\t\t\t\t\t\t\t<\/div>\n\t\t<\/section>\n\t\t\t\t<section class=\"elementor-section elementor-top-section elementor-element elementor-element-ecf162f elementor-section-boxed elementor-section-height-default elementor-section-height-default\" data-id=\"ecf162f\" data-element_type=\"section\">\n\t\t\t\t\t\t<div class=\"elementor-container elementor-column-gap-default\">\n\t\t\t\t\t<div class=\"elementor-column elementor-col-100 elementor-top-column elementor-element elementor-element-5a05f6e\" data-id=\"5a05f6e\" data-element_type=\"column\">\n\t\t\t<div class=\"elementor-widget-wrap elementor-element-populated\">\n\t\t\t\t\t\t\t\t<section class=\"elementor-section elementor-inner-section elementor-element elementor-element-4fcb57f elementor-section-boxed elementor-section-height-default elementor-section-height-default\" data-id=\"4fcb57f\" data-element_type=\"section\" data-settings=\"{&quot;background_background&quot;:&quot;classic&quot;}\" data-e-bg-lazyload=\"\">\n\t\t\t\t\t\t<div class=\"elementor-container elementor-column-gap-default\">\n\t\t\t\t\t<div class=\"elementor-column elementor-col-100 elementor-inner-column elementor-element elementor-element-3ac72c5\" data-id=\"3ac72c5\" data-element_type=\"column\">\n\t\t\t<div class=\"elementor-widget-wrap elementor-element-populated\">\n\t\t\t\t\t\t\t\t<div class=\"elementor-element elementor-element-98f7495 elementor-widget elementor-widget-heading\" data-id=\"98f7495\" data-element_type=\"widget\" data-widget_type=\"heading.default\">\n\t\t\t\t<div class=\"elementor-widget-container\">\n\t\t\t<h6 class=\"elementor-heading-title elementor-size-default\">H\u1ed7 tr\u1ee3 24\/7<\/h6>\t\t<\/div>\n\t\t\t\t<\/div>\n\t\t\t\t<div class=\"elementor-element elementor-element-51cf8a9 elementor-widget elementor-widget-heading\" data-id=\"51cf8a9\" data-element_type=\"widget\" data-widget_type=\"heading.default\">\n\t\t\t\t<div class=\"elementor-widget-container\">\n\t\t\t<h2 class=\"elementor-heading-title elementor-size-default\">Hotline: <span class=\"text-light\">1900 8198<\/span><\/h2>\t\t<\/div>\n\t\t\t\t<\/div>\n\t\t\t\t<div class=\"elementor-element elementor-element-77bf1c0 elementor-widget elementor-widget-text-editor\" data-id=\"77bf1c0\" data-element_type=\"widget\" data-widget_type=\"text-editor.default\">\n\t\t\t\t<div class=\"elementor-widget-container\">\n\t\t\t\t\t\t\t<p>B\u1ea1n c\u00f3 m\u1ed9t c\u00e2u h\u1ecfi, ho\u1eb7c mu\u1ed1n m\u1ed9t s\u1ed1 tr\u1ee3 gi\u00fap t\u1eeb ch\u00fang t\u00f4i. \u0110\u1eebng ng\u1ea7n ng\u1ea1i, h\u00e3y g\u1eedi y\u00eau c\u1ea7u cho ch\u00fang t\u00f4i ngay h\u00f4m nay<\/p>\t\t\t\t\t\t<\/div>\n\t\t\t\t<\/div>\n\t\t\t\t<div class=\"elementor-element elementor-element-30718c2 elementor-align-left elementor-widget elementor-widget-button\" data-id=\"30718c2\" data-element_type=\"widget\" data-widget_type=\"button.default\">\n\t\t\t\t<div class=\"elementor-widget-container\">\n\t\t\t\t\t<div class=\"elementor-button-wrapper\">\n\t\t\t<a href=\"\/contact-us\/\" class=\"elementor-button-link elementor-button elementor-size-lg\" role=\"button\">\n\t\t\t\t\t\t<span class=\"elementor-button-content-wrapper\">\n\t\t\t\t\t\t<span class=\"elementor-button-text\">Li\u00ean h\u1ec7<\/span>\n\t\t<\/span>\n\t\t\t\t\t<\/a>\n\t\t<\/div>\n\t\t\t\t<\/div>\n\t\t\t\t<\/div>\n\t\t\t\t\t<\/div>\n\t\t<\/div>\n\t\t\t\t\t\t\t<\/div>\n\t\t<\/section>\n\t\t\t\t\t<\/div>\n\t\t<\/div>\n\t\t\t\t\t\t\t<\/div>\n\t\t<\/section>\n\t\t\t\t<section class=\"elementor-section elementor-top-section elementor-element elementor-element-77d978d elementor-section-full_width elementor-section-height-default elementor-section-height-default\" data-id=\"77d978d\" data-element_type=\"section\">\n\t\t\t\t\t\t<div class=\"elementor-container elementor-column-gap-default\">\n\t\t\t\t\t<div class=\"elementor-column elementor-col-100 elementor-top-column elementor-element elementor-element-7a2e246\" data-id=\"7a2e246\" data-element_type=\"column\">\n\t\t\t<div class=\"elementor-widget-wrap elementor-element-populated\">\n\t\t\t\t\t\t\t\t<div class=\"elementor-element elementor-element-1e313c2 elementor-widget elementor-widget-bigger-image-carousel\" data-id=\"1e313c2\" data-element_type=\"widget\" data-widget_type=\"bigger-image-carousel.default\">\n\t\t\t\t<div class=\"elementor-widget-container\">\n\t\t\t\r\n\t\t<div class=\"image-carousel-wraper\">\r\n\t\t\t<div class=\"image-carousel\" data-show=\"7\" data-arrow=\"false\" data-dots=\"false\" data-auto=\"true\">\r\n\t\t        <div><div class=\"img-item\"><figure><\/figure><\/div><\/div><div><div class=\"img-item\"><figure><\/figure><\/div><\/div><div><div class=\"img-item\"><figure><\/figure><\/div><\/div><div><div class=\"img-item\"><figure><\/figure><\/div><\/div><div><div class=\"img-item\"><figure><\/figure><\/div><\/div><div><div class=\"img-item\"><figure><\/figure><\/div><\/div><div><div class=\"img-item\"><figure><\/figure><\/div><\/div><div><div class=\"img-item\"><figure><\/figure><\/div><\/div><div><div class=\"img-item\"><figure><\/figure><\/div><\/div>\t\t    <\/div>\r\n\t    <\/div>\r\n\t\t\t\t<\/div>\n\t\t\t\t<\/div>\n\t\t\t\t\t<\/div>\n\t\t<\/div>\n\t\t\t\t\t\t\t<\/div>\n\t\t<\/section>\n\t\t\t\t\t\t\t<\/div>\n\t\t","protected":false},"excerpt":{"rendered":"<p>D\u1ecbch v\u1ee5 c\u1ee7a ch\u00fang t\u00f4i Nh\u1eefng g\u00ec ch\u00fang t\u00f4i l\u00e0m \u0111\u1ec3 mang l\u1ea1i ni\u1ec1m vui cho m\u1ecdi ng\u01b0\u1eddi \u1ede m\u1ecdi kh\u00e2u trong d\u1ef1 \u00e1n, ch\u1ea5t l\u01b0\u1ee3ng l\u00e0 \u0111i\u1ec1u quan tr\u1ecdng nh\u1ea5t.\u00a0Ch\u00fang t\u00f4i lo m\u1ecdi th\u1ee9 trong giai \u0111o\u1ea1n n\u00e0y v\u00e0 s\u1ebd \u0111\u1ea3m b\u1ea3o r\u1eb1ng b\u1ea1n nh\u1eadn \u0111\u01b0\u1ee3c d\u1ecbch v\u1ee5 chuy\u00ean nghi\u1ec7p nh\u1ea5t t\u1ea1i ch\u1ed7. T\u1eeb [&hellip;]<\/p>\n","protected":false},"author":1,"featured_media":0,"parent":0,"menu_order":0,"comment_status":"closed","ping_status":"closed","template":"","meta":[],"_links":{"self":[{"href":"https:\/\/watch-expo.com\/en\/wp-json\/wp\/v2\/pages\/882"}],"collection":[{"href":"https:\/\/watch-expo.com\/en\/wp-json\/wp\/v2\/pages"}],"about":[{"href":"https:\/\/watch-expo.com\/en\/wp-json\/wp\/v2\/types\/page"}],"author":[{"embeddable":true,"href":"https:\/\/watch-expo.com\/en\/wp-json\/wp\/v2\/users\/1"}],"replies":[{"embeddable":true,"href":"https:\/\/watch-expo.com\/en\/wp-json\/wp\/v2\/comments?post=882"}],"version-history":[{"count":10,"href":"https:\/\/watch-expo.com\/en\/wp-json\/wp\/v2\/pages\/882\/revisions"}],"predecessor-version":[{"id":3541,"href":"https:\/\/watch-expo.com\/en\/wp-json\/wp\/v2\/pages\/882\/revisions\/3541"}],"wp:attachment":[{"href":"https:\/\/watch-expo.com\/en\/wp-json\/wp\/v2\/media?parent=882"}],"curies":[{"name":"wp","href":"https:\/\/api.w.org\/{rel}","templated":true}]}}